{"id":20,"date":"2020-11-09T17:46:06","date_gmt":"2020-11-09T16:46:06","guid":{"rendered":"http:\/\/lesmyosotis.be\/?page_id=20"},"modified":"2025-02-12T13:11:30","modified_gmt":"2025-02-12T12:11:30","slug":"contact","status":"publish","type":"page","link":"https:\/\/lesmyosotis.be\/?page_id=20","title":{"rendered":"Contact"},"content":{"rendered":"\n<p> <\/p>\n\n\n\n<p> <\/p>\n\n\n\n<p>Vous pouvez nous contacter par mail :<\/p>\n\n\n\n<p><a href=\"mailto:lesmyosotis.assesse@gmail.com\" target=\"_blank\" rel=\"noreferrer noopener\"><strong>lesmyosotis.assesse@gmail.com<\/strong><\/a><\/p>\n\n\n\n<p><\/p>\n\n\n\n<p> <\/p>\n\n\n\n<p><\/p>\n\n\n\n<p><\/p>\n\n\n\n<p> <\/p>\n\n\n\n<iframe src=\"https:\/\/www.google.com\/maps\/embed?pb=!1m18!1m12!1m3!1d2544.792614392604!2d5.0205948!3d50.37042139999999!2m3!1f0!2f0!3f0!3m2!1i1024!2i768!4f13.1!3m3!1m2!1s0x47c1bc8414c28a31%3A0x8d26834133a94824!2sRue%20de%20la%20Gendarmerie%2022%2C%205330%20Assesse!5e0!3m2!1sfr!2sbe!4v1665668361592!5m2!1sfr!2sbe\" style=\"border:0;\" allowfullscreen=\"\" loading=\"lazy\" referrerpolicy=\"no-referrer-when-downgrade\" width=\"600\" height=\"450\"><\/iframe>\n\n\n\n<p>Si vous ne consentez pas \u00e0 ou que vous ne pouvez pas autoriser la collecte ou le traitement de vos Donn\u00e9es tels que d\u00e9crits dans la page Informations et Conditions L\u00e9gales de ce site, n\u2019utilisez pas le Site.<\/p>\n","protected":false},"excerpt":{"rendered":"<p>Vous pouvez nous contacter par mail : lesmyosotis.assesse@gmail.com Si vous ne consentez pas \u00e0 ou que vous ne pouvez pas autoriser la collecte ou le traitement de vos Donn\u00e9es tels que d\u00e9crits dans la page Informations et Conditions L\u00e9gales de ce site, n\u2019utilisez pas le Site.<\/p>\n","protected":false},"author":1,"featured_media":0,"parent":0,"menu_order":0,"comment_status":"closed","ping_status":"closed","template":"","meta":{"footnotes":""},"class_list":["post-20","page","type-page","status-publish","hentry"],"_links":{"self":[{"href":"https:\/\/lesmyosotis.be\/index.php?rest_route=\/wp\/v2\/pages\/20","targetHints":{"allow":["GET"]}}],"collection":[{"href":"https:\/\/lesmyosotis.be\/index.php?rest_route=\/wp\/v2\/pages"}],"about":[{"href":"https:\/\/lesmyosotis.be\/index.php?rest_route=\/wp\/v2\/types\/page"}],"author":[{"embeddable":true,"href":"https:\/\/lesmyosotis.be\/index.php?rest_route=\/wp\/v2\/users\/1"}],"replies":[{"embeddable":true,"href":"https:\/\/lesmyosotis.be\/index.php?rest_route=%2Fwp%2Fv2%2Fcomments&post=20"}],"version-history":[{"count":19,"href":"https:\/\/lesmyosotis.be\/index.php?rest_route=\/wp\/v2\/pages\/20\/revisions"}],"predecessor-version":[{"id":704,"href":"https:\/\/lesmyosotis.be\/index.php?rest_route=\/wp\/v2\/pages\/20\/revisions\/704"}],"wp:attachment":[{"href":"https:\/\/lesmyosotis.be\/index.php?rest_route=%2Fwp%2Fv2%2Fmedia&parent=20"}],"curies":[{"name":"wp","href":"https:\/\/api.w.org\/{rel}","templated":true}]}}