{"id":212,"date":"2022-12-17T10:30:41","date_gmt":"2022-12-17T09:30:41","guid":{"rendered":"https:\/\/lesmyosotis.be\/?page_id=212"},"modified":"2022-12-17T10:30:41","modified_gmt":"2022-12-17T09:30:41","slug":"mentions-legales","status":"publish","type":"page","link":"https:\/\/lesmyosotis.be\/?page_id=212","title":{"rendered":"Mentions l\u00e9gales"},"content":{"rendered":"\n<h4 class=\"wp-block-heading\"><strong>INFORMATIONS SUR LA SOCI\u00c9T\u00c9<\/strong><\/h4>\n\n\n\n<p>Jardin des Myosotis asbl&nbsp;: 22 rue de la Gendarmerie 5330 Assesse<br>T\u00e9l. : +32 83 67 80 92<\/p>\n\n\n\n<p><strong>EDITION<\/strong><\/p>\n\n\n\n<p>Ce site est \u00e9dit\u00e9 par Jardin des Myosotis asbl<br>Mail : <a href=\"mailto:lesmysostis.assesse@gmail.com\">lesmysostis.assesse@gmail.com<\/a><\/p>\n\n\n\n<p><strong>HEBERGEMENT DU SITE<\/strong><\/p>\n\n\n\n<p>OVH.com<\/p>\n\n\n\n<p><strong>DROIT DE PROPRIETE<\/strong><\/p>\n\n\n\n<p>Le site ainsi que tout logiciel utilis\u00e9 n\u00e9cessairement en relation avec celui-ci peuvent contenir des informations confidentielles et prot\u00e9g\u00e9es par le droit de la propri\u00e9t\u00e9 intellectuelle en vigueur ou toute autre loi. Ainsi, sauf mention contraire, les droits de propri\u00e9t\u00e9 intellectuelle sur les documents contenus dans le site et chacun des \u00e9l\u00e9ments cr\u00e9\u00e9s pour ce site sont la propri\u00e9t\u00e9 exclusive du Jardin des Myosotis asbl. Celle-ci ne conc\u00e9dant aucune licence, ni aucun droit autre que celui de consulter le site. La reproduction de tout document publi\u00e9 sur le site est seulement autoris\u00e9e \u00e0 des fins exclusives d\u2019information pour un usage personnel et priv\u00e9. Toute reproduction et toute utilisation de copies r\u00e9alis\u00e9es \u00e0 d\u2019autres fins \u00e9tant express\u00e9ment interdite. Il est \u00e9galement interdit de copier, modifier, cr\u00e9er une \u0153uvre d\u00e9riv\u00e9e, inverser la conception ou l\u2019assemblage ou de toute autre mani\u00e8re tenter de trouver le code source (\u00e0 l\u2019exception des cas pr\u00e9vus par la loi), vendre, attribuer, sous licencier ou transf\u00e9rer de quelque mani\u00e8re que ce soit tout droit aff\u00e9rent aux logiciels. Jardin des Myosotis asbl se r\u00e9serve le droit de demander des dommages et int\u00e9r\u00eats en cas d\u2019atteinte \u00e0 ses droits de propri\u00e9t\u00e9 intellectuelle. Les photos, illustrations et animations pr\u00e9sentes sur ce site ont \u00e9t\u00e9 acquises r\u00e9alis\u00e9es par nos soins. L\u2019utilisation et la cession des droits sont r\u00e9gent\u00e9s par le contrat y aff\u00e9rent.<\/p>\n\n\n\n<p><strong>GENERAL<\/strong><\/p>\n\n\n\n<p>En acc\u00e9dant et en utilisant ce site Web, vous acceptez les termes des pr\u00e9sentes conditions d\u2019utilisation sans restriction ou r\u00e9serve. Si une des dispositions de pr\u00e9sentes conditions se r\u00e9v\u00e8le inapplicable ou contraire \u00e0 une disposition de droit imp\u00e9ratif, cette inapplicabilit\u00e9 ne pourra influencer la validit\u00e9 et l\u2019applicabilit\u00e9 des autres dispositions. Les pr\u00e9sentes conditions s\u2019appliquent \u00e0 ce site Web ainsi qu\u2019\u00e0 toutes les initiatives Internet et Extranet du Jardin des Myosotis asbl.<\/p>\n\n\n\n<p>Jardin des Myosotis asbl se r\u00e9serve le droit d\u2019adapter \u00e0 tout moment les pr\u00e9sentes conditions, \u00e0 condition d\u2019en informer les utilisateurs sur ce site Web ou par mail.<\/p>\n\n\n\n<p><strong>RESPONSABILITE \u2013 EXACTITUDE DES INFORMATIONS<\/strong><\/p>\n\n\n\n<p>Jardin des Myosotis asbl et ses fournisseurs d\u2019informations ne pourront \u00eatre tenus pour responsables des dommages r\u00e9sultant de virus quelle qu\u2019en soit la forme, de bug(s), voire de tout programme ou d\u2019application qui serait incompatible avec l\u2019infrastructure utilis\u00e9e par l\u2019utilisateur, ni des dommages subis par l\u2019utilisateur par le fait d\u2019une panne, interruption ou erreur, \u00e9volution, remise en \u00e9tat, contr\u00f4le, maintenance, probl\u00e8me technique, coupure du r\u00e9seau t\u00e9l\u00e9phonique ou des r\u00e9seaux ou services li\u00e9s, surcharge, n\u00e9gligence ou faute de tiers ou de l\u2019utilisateur, ainsi qu\u2019en cas d\u2019\u00e9v\u00e9nements ind\u00e9pendants de la volont\u00e9 du Jardin des Myosotis asbl. L\u2019utilisateur n\u2019utilisera pas ce site Web d\u2019une mani\u00e8re qu\u2019une telle utilisation causerait des dommages \u00e0 des tiers ou \u00e0 l\u2019image de Jardin des Myosotis asbl par exemple par l\u2019insertion d\u2019informations incorrectes ou insultantes. Des modifications peuvent survenir sans pr\u00e9avis dans les tarifications. L\u2019utilisateur reconna\u00eet que Jardin des Myosotis asbl a le droit de suspendre, \u00e0 tout moment, la disponibilit\u00e9 de ce site Web pour des raisons de maintenance et d\u2019actualisation.<\/p>\n\n\n\n<p><strong>HYPERLIENS<\/strong><\/p>\n\n\n\n<p>Il est possible que ce site Web ou un service connexe comprenne un lien vers un autre site Web qui pourrait \u00eatre int\u00e9ressant pour l\u2019utilisateur. Toutefois, ce lien est donn\u00e9 \u00e0 titre purement indicatif et Jardin des Myosotis asbl n\u2019\u00e9met aucune garantie, quelle qu\u2019elle soit, relativement \u00e0 tout autre site Web auquel l\u2019utilisateur pourrait avoir acc\u00e8s via celui-ci. Leur pr\u00e9sence ne signifie en aucune mani\u00e8re que Jardin des Myosotis asbl adh\u00e8re \u00e0 leur contenu ou accepte une responsabilit\u00e9 quelconque pour le contenu ou l\u2019utilisation de cet autre site Web. Les circonstances mentionn\u00e9es ci-dessus ne pourront en aucun cas engendrer une quelconque compensation financi\u00e8re.<\/p>\n\n\n\n<p><strong>LEGISLATION APPLICABLE ET TRIBUNAUX COMPETENTS<\/strong><\/p>\n\n\n\n<p>La loi belge est d\u2019application sur le pr\u00e9sent site Internet et pour les pr\u00e9sentes Conditions G\u00e9n\u00e9rales. En cas de litige, seuls les tribunaux francophones de Bruxelles sont comp\u00e9tents.<\/p>\n","protected":false},"excerpt":{"rendered":"<p>INFORMATIONS SUR LA SOCI\u00c9T\u00c9 Jardin des Myosotis asbl&nbsp;: 22 rue de la Gendarmerie 5330 AssesseT\u00e9l. : +32 83 67 80 92 EDITION Ce site est \u00e9dit\u00e9 par Jardin des Myosotis asblMail : lesmysostis.assesse@gmail.com HEBERGEMENT DU SITE OVH.com DROIT DE PROPRIETE Le site ainsi que tout logiciel utilis\u00e9 n\u00e9cessairement en relation avec celui-ci peuvent contenir des &hellip; <\/p>\n<p class=\"link-more\"><a href=\"https:\/\/lesmyosotis.be\/?page_id=212\" class=\"more-link\">Continuer la lecture<span class=\"screen-reader-text\"> de &laquo;&nbsp;Mentions l\u00e9gales&nbsp;&raquo;<\/span><\/a><\/p>\n","protected":false},"author":1,"featured_media":0,"parent":0,"menu_order":0,"comment_status":"closed","ping_status":"closed","template":"","meta":{"footnotes":""},"class_list":["post-212","page","type-page","status-publish","hentry"],"_links":{"self":[{"href":"https:\/\/lesmyosotis.be\/index.php?rest_route=\/wp\/v2\/pages\/212","targetHints":{"allow":["GET"]}}],"collection":[{"href":"https:\/\/lesmyosotis.be\/index.php?rest_route=\/wp\/v2\/pages"}],"about":[{"href":"https:\/\/lesmyosotis.be\/index.php?rest_route=\/wp\/v2\/types\/page"}],"author":[{"embeddable":true,"href":"https:\/\/lesmyosotis.be\/index.php?rest_route=\/wp\/v2\/users\/1"}],"replies":[{"embeddable":true,"href":"https:\/\/lesmyosotis.be\/index.php?rest_route=%2Fwp%2Fv2%2Fcomments&post=212"}],"version-history":[{"count":1,"href":"https:\/\/lesmyosotis.be\/index.php?rest_route=\/wp\/v2\/pages\/212\/revisions"}],"predecessor-version":[{"id":213,"href":"https:\/\/lesmyosotis.be\/index.php?rest_route=\/wp\/v2\/pages\/212\/revisions\/213"}],"wp:attachment":[{"href":"https:\/\/lesmyosotis.be\/index.php?rest_route=%2Fwp%2Fv2%2Fmedia&parent=212"}],"curies":[{"name":"wp","href":"https:\/\/api.w.org\/{rel}","templated":true}]}}