{"id":598,"date":"2023-12-23T18:38:18","date_gmt":"2023-12-23T17:38:18","guid":{"rendered":"https:\/\/lesmyosotis.be\/?page_id=598"},"modified":"2026-02-17T14:26:52","modified_gmt":"2026-02-17T13:26:52","slug":"tarifs-2024-pour-les-touristes","status":"publish","type":"page","link":"https:\/\/lesmyosotis.be\/?page_id=598","title":{"rendered":"Tarifs 2026 pour les touristes"},"content":{"rendered":"\n<p>L\u2019ASBL \u00ab&nbsp;Jardin des Myosotis&nbsp;\u00bb a pour objectif de permettre l\u2019accueil en chambre d\u2019h\u00f4tes de personnes en recherche de repos et de ressourcement.<\/p>\n\n\n\n<p>Toutefois, nous accueillons \u00e9galement des touristes s&rsquo;il reste de la place.<\/p>\n\n\n\n<figure class=\"wp-block-table\"><table><thead><tr><th>CHAMBRE avec petit-d\u00e9j.<\/th><th class=\"has-text-align-center\" data-align=\"center\">UNE PERSONNE<\/th><th class=\"has-text-align-center\" data-align=\"center\">DEUX PERSONNES<\/th><\/tr><\/thead><tbody><tr><td>CHAMBRE 1<\/td><td class=\"has-text-align-center\" data-align=\"center\">95 \u20ac<\/td><td class=\"has-text-align-center\" data-align=\"center\">120 \u20ac<\/td><\/tr><tr><td>CHAMBRE 2<\/td><td class=\"has-text-align-center\" data-align=\"center\">95 \u20ac<\/td><td class=\"has-text-align-center\" data-align=\"center\">&#8211;<\/td><\/tr><tr><td>CHAMBRE 3<\/td><td class=\"has-text-align-center\" data-align=\"center\">95 \u20ac<\/td><td class=\"has-text-align-center\" data-align=\"center\">120 \u20ac<\/td><\/tr><tr><td>CHAMBRE 4<\/td><td class=\"has-text-align-center\" data-align=\"center\">95 \u20ac<\/td><td class=\"has-text-align-center\" data-align=\"center\">120 \u20ac<\/td><\/tr><tr><td>CHAMBRE 5<\/td><td class=\"has-text-align-center\" data-align=\"center\">95 \u20ac<\/td><td class=\"has-text-align-center\" data-align=\"center\">120 \u20ac<\/td><\/tr><\/tbody><\/table><figcaption class=\"wp-element-caption\">Prix des chambres avec petit-d\u00e9jeuner<\/figcaption><\/figure>\n\n\n\n<p><\/p>\n\n\n\n<p><\/p>\n\n\n\n<p><\/p>\n\n\n\n<p><\/p>\n\n\n\n<p><\/p>\n\n\n\n<p><\/p>\n\n\n\n<p><\/p>\n","protected":false},"excerpt":{"rendered":"<p>L\u2019ASBL \u00ab&nbsp;Jardin des Myosotis&nbsp;\u00bb a pour objectif de permettre l\u2019accueil en chambre d\u2019h\u00f4tes de personnes en recherche de repos et de ressourcement. Toutefois, nous accueillons \u00e9galement des touristes s&rsquo;il reste de la place. CHAMBRE avec petit-d\u00e9j. UNE PERSONNE DEUX PERSONNES CHAMBRE 1 95 \u20ac 120 \u20ac CHAMBRE 2 95 \u20ac &#8211; CHAMBRE 3 95 \u20ac &hellip; <\/p>\n<p class=\"link-more\"><a href=\"https:\/\/lesmyosotis.be\/?page_id=598\" class=\"more-link\">Continuer la lecture<span class=\"screen-reader-text\"> de &laquo;&nbsp;Tarifs 2026 pour les touristes&nbsp;&raquo;<\/span><\/a><\/p>\n","protected":false},"author":1,"featured_media":0,"parent":0,"menu_order":0,"comment_status":"closed","ping_status":"closed","template":"","meta":{"footnotes":""},"class_list":["post-598","page","type-page","status-publish","hentry"],"_links":{"self":[{"href":"https:\/\/lesmyosotis.be\/index.php?rest_route=\/wp\/v2\/pages\/598","targetHints":{"allow":["GET"]}}],"collection":[{"href":"https:\/\/lesmyosotis.be\/index.php?rest_route=\/wp\/v2\/pages"}],"about":[{"href":"https:\/\/lesmyosotis.be\/index.php?rest_route=\/wp\/v2\/types\/page"}],"author":[{"embeddable":true,"href":"https:\/\/lesmyosotis.be\/index.php?rest_route=\/wp\/v2\/users\/1"}],"replies":[{"embeddable":true,"href":"https:\/\/lesmyosotis.be\/index.php?rest_route=%2Fwp%2Fv2%2Fcomments&post=598"}],"version-history":[{"count":7,"href":"https:\/\/lesmyosotis.be\/index.php?rest_route=\/wp\/v2\/pages\/598\/revisions"}],"predecessor-version":[{"id":768,"href":"https:\/\/lesmyosotis.be\/index.php?rest_route=\/wp\/v2\/pages\/598\/revisions\/768"}],"wp:attachment":[{"href":"https:\/\/lesmyosotis.be\/index.php?rest_route=%2Fwp%2Fv2%2Fmedia&parent=598"}],"curies":[{"name":"wp","href":"https:\/\/api.w.org\/{rel}","templated":true}]}}