{"id":790,"date":"2026-02-17T15:33:01","date_gmt":"2026-02-17T14:33:01","guid":{"rendered":"https:\/\/lesmyosotis.be\/?page_id=790"},"modified":"2026-02-17T15:38:19","modified_gmt":"2026-02-17T14:38:19","slug":"don","status":"publish","type":"page","link":"https:\/\/lesmyosotis.be\/?page_id=790","title":{"rendered":"Don"},"content":{"rendered":"\n<p class=\"has-text-align-center\"><strong>Les dons \u00e0 l\u2019ASBL permettent de soutenir le bon fonctionnement du projet<\/strong><br> <strong>et de rendre Les Myosotis accessible \u00e0 tous.<\/strong><br><strong>Une bo\u00eete \u00e0 dons se trouve \u00e0<\/strong> <strong>l\u2019accueil.<\/strong><\/p>\n\n\n\n<p class=\"has-text-align-center\"><br><strong>Il est \u00e9galement possible de faire un don par virement sur le<\/strong> <strong>compte de l\u2019ASBL<\/strong><br><strong>\u00ab Jardin des Myosotis \u00bb :<\/strong> <br><strong>BE79 0019 0379 3233<\/strong> <br><strong>Avec l\u2019unique communication \u00ab DON \u00bb<\/strong><\/p>\n\n\n\n<figure class=\"wp-block-image size-large\"><img decoding=\"async\" src=\"https:\/\/lesmyosotis.be\/staging01\/wp-content\/uploads\/2025\/09\/don-1.png\" alt=\"\" class=\"wp-image-838\"\/><\/figure>\n\n\n\n<p class=\"has-text-align-center\"><\/p>\n","protected":false},"excerpt":{"rendered":"<p>Les dons \u00e0 l\u2019ASBL permettent de soutenir le bon fonctionnement du projet et de rendre Les Myosotis accessible \u00e0 tous.Une bo\u00eete \u00e0 dons se trouve \u00e0 l\u2019accueil. Il est \u00e9galement possible de faire un don par virement sur le compte de l\u2019ASBL\u00ab Jardin des Myosotis \u00bb : BE79 0019 0379 3233 Avec l\u2019unique communication \u00ab &hellip; <\/p>\n<p class=\"link-more\"><a href=\"https:\/\/lesmyosotis.be\/?page_id=790\" class=\"more-link\">Continuer la lecture<span class=\"screen-reader-text\"> de &laquo;&nbsp;Don&nbsp;&raquo;<\/span><\/a><\/p>\n","protected":false},"author":1,"featured_media":0,"parent":0,"menu_order":0,"comment_status":"closed","ping_status":"closed","template":"","meta":{"footnotes":""},"class_list":["post-790","page","type-page","status-publish","hentry"],"_links":{"self":[{"href":"https:\/\/lesmyosotis.be\/index.php?rest_route=\/wp\/v2\/pages\/790","targetHints":{"allow":["GET"]}}],"collection":[{"href":"https:\/\/lesmyosotis.be\/index.php?rest_route=\/wp\/v2\/pages"}],"about":[{"href":"https:\/\/lesmyosotis.be\/index.php?rest_route=\/wp\/v2\/types\/page"}],"author":[{"embeddable":true,"href":"https:\/\/lesmyosotis.be\/index.php?rest_route=\/wp\/v2\/users\/1"}],"replies":[{"embeddable":true,"href":"https:\/\/lesmyosotis.be\/index.php?rest_route=%2Fwp%2Fv2%2Fcomments&post=790"}],"version-history":[{"count":2,"href":"https:\/\/lesmyosotis.be\/index.php?rest_route=\/wp\/v2\/pages\/790\/revisions"}],"predecessor-version":[{"id":793,"href":"https:\/\/lesmyosotis.be\/index.php?rest_route=\/wp\/v2\/pages\/790\/revisions\/793"}],"wp:attachment":[{"href":"https:\/\/lesmyosotis.be\/index.php?rest_route=%2Fwp%2Fv2%2Fmedia&parent=790"}],"curies":[{"name":"wp","href":"https:\/\/api.w.org\/{rel}","templated":true}]}}