{"id":859,"date":"2026-04-17T17:18:59","date_gmt":"2026-04-17T15:18:59","guid":{"rendered":"https:\/\/lesmyosotis.be\/?page_id=859"},"modified":"2026-04-17T17:28:37","modified_gmt":"2026-04-17T15:28:37","slug":"bienvenue-velo","status":"publish","type":"page","link":"https:\/\/lesmyosotis.be\/?page_id=859","title":{"rendered":"Bienvenue V\u00e9lo"},"content":{"rendered":"\n<p>\u00ab Bienvenue V\u00e9lo \u00bb, le label au service du tourisme \u00e0 v\u00e9lo.<\/p>\n\n\n\n<p>Depuis 2026, les Myosotis sont labellis\u00e9s \u00ab Bienvenue V\u00e9lo \u00bb et avons ainsi rejoint un r\u00e9seau de pr\u00e8s de 900 labellis\u00e9s dans toute la Wallonie.<br>Pour b\u00e9n\u00e9ficier de ce label, nous r\u00e9pondons \u00e0 des crit\u00e8res pr\u00e9cis afin de rendre votre escale wallonne \u00e0 deux roues la plus agr\u00e9able possible.<br><\/p>\n\n\n\n<figure class=\"wp-block-image size-full is-resized\"><img loading=\"lazy\" decoding=\"async\" width=\"555\" height=\"842\" src=\"https:\/\/lesmyosotis.be\/wp-content\/uploads\/2026\/04\/logo_4langues-1.png\" alt=\"\" class=\"wp-image-860\" style=\"aspect-ratio:0.6591474789915516;width:157px;height:auto\" srcset=\"https:\/\/lesmyosotis.be\/wp-content\/uploads\/2026\/04\/logo_4langues-1.png 555w, https:\/\/lesmyosotis.be\/wp-content\/uploads\/2026\/04\/logo_4langues-1-198x300.png 198w\" sizes=\"auto, (max-width: 555px) 100vw, 555px\" \/><\/figure>\n\n\n\n<p>Voici quelques-uns de ces crit\u00e8res mis gratuitement \u00e0 votre disposition :<br>&#8211; un local s\u00e9curis\u00e9 et couvert pour vos v\u00e9los,<br>&#8211; des prises de recharge pour les v\u00e9los \u00e9lectriques ,<br>&#8211; un set de r\u00e9paration,<br>&#8211; un \u00e9quipement pour le nettoyage des v\u00e9los,<br>&#8211; deux v\u00e9los et un v\u00e9lo \u00e9lectrique,<br>&#8211; une trousse de premiers soins,<br>&#8211; des renseignements utiles sur les r\u00e9seaux cyclables et les services aux cyclistes,<br>&#8211; un petit d\u00e9jeuner adapt\u00e9 aux besoins des cyclistes.<\/p>\n\n\n\n<p><\/p>\n","protected":false},"excerpt":{"rendered":"<p>\u00ab Bienvenue V\u00e9lo \u00bb, le label au service du tourisme \u00e0 v\u00e9lo. Depuis 2026, les Myosotis sont labellis\u00e9s \u00ab Bienvenue V\u00e9lo \u00bb et avons ainsi rejoint un r\u00e9seau de pr\u00e8s de 900 labellis\u00e9s dans toute la Wallonie.Pour b\u00e9n\u00e9ficier de ce label, nous r\u00e9pondons \u00e0 des crit\u00e8res pr\u00e9cis afin de rendre votre escale wallonne \u00e0 deux &hellip; <\/p>\n<p class=\"link-more\"><a href=\"https:\/\/lesmyosotis.be\/?page_id=859\" class=\"more-link\">Continuer la lecture<span class=\"screen-reader-text\"> de &laquo;&nbsp;Bienvenue V\u00e9lo&nbsp;&raquo;<\/span><\/a><\/p>\n","protected":false},"author":1,"featured_media":0,"parent":0,"menu_order":0,"comment_status":"closed","ping_status":"closed","template":"","meta":{"footnotes":""},"class_list":["post-859","page","type-page","status-publish","hentry"],"_links":{"self":[{"href":"https:\/\/lesmyosotis.be\/index.php?rest_route=\/wp\/v2\/pages\/859","targetHints":{"allow":["GET"]}}],"collection":[{"href":"https:\/\/lesmyosotis.be\/index.php?rest_route=\/wp\/v2\/pages"}],"about":[{"href":"https:\/\/lesmyosotis.be\/index.php?rest_route=\/wp\/v2\/types\/page"}],"author":[{"embeddable":true,"href":"https:\/\/lesmyosotis.be\/index.php?rest_route=\/wp\/v2\/users\/1"}],"replies":[{"embeddable":true,"href":"https:\/\/lesmyosotis.be\/index.php?rest_route=%2Fwp%2Fv2%2Fcomments&post=859"}],"version-history":[{"count":6,"href":"https:\/\/lesmyosotis.be\/index.php?rest_route=\/wp\/v2\/pages\/859\/revisions"}],"predecessor-version":[{"id":867,"href":"https:\/\/lesmyosotis.be\/index.php?rest_route=\/wp\/v2\/pages\/859\/revisions\/867"}],"wp:attachment":[{"href":"https:\/\/lesmyosotis.be\/index.php?rest_route=%2Fwp%2Fv2%2Fmedia&parent=859"}],"curies":[{"name":"wp","href":"https:\/\/api.w.org\/{rel}","templated":true}]}}